{"id":6,"date":"2019-01-08T21:44:57","date_gmt":"2019-01-08T21:44:57","guid":{"rendered":"http:\/\/slo5.net\/vkpiran2018\/?page_id=6"},"modified":"2019-01-08T21:44:57","modified_gmt":"2019-01-08T21:44:57","slug":"domov","status":"publish","type":"page","link":"https:\/\/vk-piran.si\/","title":{"rendered":"Domov"},"content":{"rendered":"<p>Pozdravljeni na va\u0161i spletni strani. To je va\u0161a doma\u010da stran, kar bo videla ve\u010dina obiskovalcev, ko prvi\u010d obi\u0161\u010dejo va\u0161o spletno stran.<\/p>\n","protected":false},"excerpt":{"rendered":"<p>Pozdravljeni na va\u0161i spletni strani. To je va\u0161a doma\u010da stran, kar bo videla ve\u010dina obiskovalcev, ko prvi\u010d obi\u0161\u010dejo va\u0161o spletno stran.<\/p>\n","protected":false},"author":1,"featured_media":0,"parent":0,"menu_order":0,"comment_status":"closed","ping_status":"closed","template":"page-templates\/business.php","meta":{"footnotes":""},"class_list":["post-6","page","type-page","status-publish","hentry"],"_links":{"self":[{"href":"https:\/\/vk-piran.si\/index.php?rest_route=\/wp\/v2\/pages\/6","targetHints":{"allow":["GET"]}}],"collection":[{"href":"https:\/\/vk-piran.si\/index.php?rest_route=\/wp\/v2\/pages"}],"about":[{"href":"https:\/\/vk-piran.si\/index.php?rest_route=\/wp\/v2\/types\/page"}],"author":[{"embeddable":true,"href":"https:\/\/vk-piran.si\/index.php?rest_route=\/wp\/v2\/users\/1"}],"replies":[{"embeddable":true,"href":"https:\/\/vk-piran.si\/index.php?rest_route=%2Fwp%2Fv2%2Fcomments&post=6"}],"version-history":[{"count":1,"href":"https:\/\/vk-piran.si\/index.php?rest_route=\/wp\/v2\/pages\/6\/revisions"}],"predecessor-version":[{"id":11,"href":"https:\/\/vk-piran.si\/index.php?rest_route=\/wp\/v2\/pages\/6\/revisions\/11"}],"wp:attachment":[{"href":"https:\/\/vk-piran.si\/index.php?rest_route=%2Fwp%2Fv2%2Fmedia&parent=6"}],"curies":[{"name":"wp","href":"https:\/\/api.w.org\/{rel}","templated":true}]}}