{"id":439,"date":"2022-03-23T19:01:56","date_gmt":"2022-03-23T18:01:56","guid":{"rendered":"https:\/\/vk-piran.si\/?page_id=439"},"modified":"2025-03-17T14:38:16","modified_gmt":"2025-03-17T13:38:16","slug":"regate","status":"publish","type":"page","link":"https:\/\/vk-piran.si\/?page_id=439","title":{"rendered":"REGATE 2025"},"content":{"rendered":"<p>V tekmovalnem delu vesla\u0161ke sezone 2025 nas \u010daka kar nekaj tekmovanj tako na doma\u010dih kot tudi na tujih prizori\u0161\u010dih.\u00a0 Na spodnjem seznamu lahko najdete dosedanje potrjene termine tekmovanj za na\u0161e nastope tako na klubskem kot na reprezentan\u010dnem nivoju. Naknadno bodo dodane tudi povezave na katerih boste lahko na\u0161li rezultate ter slike posameznih odveslanih regat.<\/p>\n<p>KOLEDAR 2025<\/p>\n<p>Koledar bo objavljen v kratkem&#8230;<\/p>\n<p>&nbsp;<\/p>\n","protected":false},"excerpt":{"rendered":"<p>V tekmovalnem delu vesla\u0161ke sezone 2025 nas \u010daka kar nekaj tekmovanj tako na doma\u010dih kot tudi na tujih prizori\u0161\u010dih.\u00a0 Na spodnjem seznamu lahko najdete dosedanje potrjene termine tekmovanj za na\u0161e nastope tako na klubskem kot na reprezentan\u010dnem nivoju. Naknadno bodo dodane tudi povezave na katerih boste lahko na\u0161li rezultate ter slike posameznih odveslanih regat. KOLEDAR 2025 Koledar bo objavljen v kratkem&#8230; &nbsp;<\/p>\n","protected":false},"author":2,"featured_media":0,"parent":0,"menu_order":0,"comment_status":"closed","ping_status":"closed","template":"","meta":{"footnotes":""},"class_list":["post-439","page","type-page","status-publish","hentry"],"_links":{"self":[{"href":"https:\/\/vk-piran.si\/index.php?rest_route=\/wp\/v2\/pages\/439","targetHints":{"allow":["GET"]}}],"collection":[{"href":"https:\/\/vk-piran.si\/index.php?rest_route=\/wp\/v2\/pages"}],"about":[{"href":"https:\/\/vk-piran.si\/index.php?rest_route=\/wp\/v2\/types\/page"}],"author":[{"embeddable":true,"href":"https:\/\/vk-piran.si\/index.php?rest_route=\/wp\/v2\/users\/2"}],"replies":[{"embeddable":true,"href":"https:\/\/vk-piran.si\/index.php?rest_route=%2Fwp%2Fv2%2Fcomments&post=439"}],"version-history":[{"count":44,"href":"https:\/\/vk-piran.si\/index.php?rest_route=\/wp\/v2\/pages\/439\/revisions"}],"predecessor-version":[{"id":2305,"href":"https:\/\/vk-piran.si\/index.php?rest_route=\/wp\/v2\/pages\/439\/revisions\/2305"}],"wp:attachment":[{"href":"https:\/\/vk-piran.si\/index.php?rest_route=%2Fwp%2Fv2%2Fmedia&parent=439"}],"curies":[{"name":"wp","href":"https:\/\/api.w.org\/{rel}","templated":true}]}}