{"id":416,"date":"2022-03-17T20:38:11","date_gmt":"2022-03-17T19:38:11","guid":{"rendered":"https:\/\/vk-piran.si\/?page_id=416"},"modified":"2026-03-11T10:42:55","modified_gmt":"2026-03-11T09:42:55","slug":"regata-portoroz","status":"publish","type":"page","link":"https:\/\/vk-piran.si\/?page_id=416","title":{"rendered":"Regata Portoro\u017e"},"content":{"rendered":"<h2>32. Tradicionalna mednarodna vesla\u0161ka regata PORTORO\u017d 2026<\/h2>\n<p>&nbsp;<\/p>\n<p><strong>KDAJ<\/strong>: NEDELJA, 3. MAJ 2026<\/p>\n<p><strong>KJE<\/strong>: Portoro\u0161ki zaliv, z osrednjim dogajanjem v naselju Bernardin<\/p>\n<p><strong>ORGANIZATOR<\/strong>: Vesla\u0161ki klub Piran<\/p>\n<p>Tudi letos je na vesla\u0161kem koledarju predvidena na\u0161a \u017ee tradicionalna vesla\u0161ka prireditev v \u010dudovitem okolju Portoro\u0161kega zaliva. Regata bo potekala v nedeljo 3. maja v dopoldanskem \u010dasu. Vesla\u0161ka proga dol\u017eine 2000m bo kot vedno potekala od Lucijske marine, kjer bo \u0161tart do rde\u010dega svetilnika pred hotelom v Bernardinu, kjer bo cilj proge in delitev lovorjevih vencev za vse prvouvr\u0161\u010dene tekmovalce.<\/p>\n<p>VLJUDNO VABLJENI K OGLEDU.<\/p>\n<p>Razpis 32. mednarodne vesla\u0161ke regate Portoro\u017e 2026 \/ Bando 32. regata internazionale Portorose 2026<\/p>\n<p>Rezultati<\/p>\n<p>Slike<\/p>\n<hr \/>\n<p>&nbsp;<\/p>\n","protected":false},"excerpt":{"rendered":"<p>32. Tradicionalna mednarodna vesla\u0161ka regata PORTORO\u017d 2026 &nbsp; KDAJ: NEDELJA, 3. MAJ 2026 KJE: Portoro\u0161ki zaliv, z osrednjim dogajanjem v naselju Bernardin ORGANIZATOR: Vesla\u0161ki klub Piran Tudi letos je na vesla\u0161kem koledarju predvidena na\u0161a \u017ee tradicionalna vesla\u0161ka prireditev v \u010dudovitem okolju Portoro\u0161kega zaliva. Regata bo potekala v nedeljo 3. maja v dopoldanskem \u010dasu. Vesla\u0161ka proga dol\u017eine 2000m bo kot vedno potekala od Lucijske marine, kjer bo \u0161tart do rde\u010dega svetilnika pred hotelom v Bernardinu, kjer bo cilj proge in delitev lovorjevih vencev za vse prvouvr\u0161\u010dene tekmovalce. VLJUDNO VABLJENI K OGLEDU.&hellip;<\/p>\n","protected":false},"author":3,"featured_media":0,"parent":0,"menu_order":0,"comment_status":"closed","ping_status":"closed","template":"","meta":{"footnotes":""},"class_list":["post-416","page","type-page","status-publish","hentry"],"_links":{"self":[{"href":"https:\/\/vk-piran.si\/index.php?rest_route=\/wp\/v2\/pages\/416","targetHints":{"allow":["GET"]}}],"collection":[{"href":"https:\/\/vk-piran.si\/index.php?rest_route=\/wp\/v2\/pages"}],"about":[{"href":"https:\/\/vk-piran.si\/index.php?rest_route=\/wp\/v2\/types\/page"}],"author":[{"embeddable":true,"href":"https:\/\/vk-piran.si\/index.php?rest_route=\/wp\/v2\/users\/3"}],"replies":[{"embeddable":true,"href":"https:\/\/vk-piran.si\/index.php?rest_route=%2Fwp%2Fv2%2Fcomments&post=416"}],"version-history":[{"count":29,"href":"https:\/\/vk-piran.si\/index.php?rest_route=\/wp\/v2\/pages\/416\/revisions"}],"predecessor-version":[{"id":2726,"href":"https:\/\/vk-piran.si\/index.php?rest_route=\/wp\/v2\/pages\/416\/revisions\/2726"}],"wp:attachment":[{"href":"https:\/\/vk-piran.si\/index.php?rest_route=%2Fwp%2Fv2%2Fmedia&parent=416"}],"curies":[{"name":"wp","href":"https:\/\/api.w.org\/{rel}","templated":true}]}}