{"id":398,"date":"2022-03-09T19:59:40","date_gmt":"2022-03-09T18:59:40","guid":{"rendered":"https:\/\/vk-piran.si\/?page_id=398"},"modified":"2022-03-09T19:59:40","modified_gmt":"2022-03-09T18:59:40","slug":"politika-zasebnosti","status":"publish","type":"page","link":"https:\/\/vk-piran.si\/?page_id=398","title":{"rendered":"Politika zasebnosti"},"content":{"rendered":"\r\n<h2 class=\"wp-block-heading\">O nas<\/h2>\r\n\r\n\r\n\r\n<p>Naslov na\u0161ega spletnega mesta je: https:\/\/vk-piran.si\/<\/p>\r\n\r\n\r\n\r\n<h2 class=\"wp-block-heading\">Komentarji<\/h2>\r\n\r\n\r\n\r\n<p>Ko obiskovalci komentirajo na spletnem mestu (kjer je to mogo\u010de), zbiramo podatke, prikazane v obrazcu za komentarje, kot tudi IP-naslov obiskovalca in niz uporabni\u0161kega agenta brskalnika za pomo\u010d pri odkrivanju ne\u017eelene po\u0161te.\u00a0<\/p>\r\n\r\n\r\n\r\n<p>Anonimiziran niz, ustvarjen iz va\u0161ega e-po\u0161tnega naslova (imenovan tudi hash), se lahko posreduje storitvi Gravatar, da preveri, ali ga uporabljate. Politika zasebnosti storitve Gravatar je na voljo tukaj: https:\/\/automattic.com\/privacy\/. Po odobritvi va\u0161ega komentarja je va\u0161a profilna slika vidna javnosti v kontekstu va\u0161ega komentarja.\u00a0<\/p>\r\n\r\n\r\n\r\n<h2 class=\"wp-block-heading\">Medijska vsebina<\/h2>\r\n\r\n\r\n\r\n<p>\u010ce nalagate slike na spletno mesto, se izogibajte nalaganju slik z vklju\u010denimi vdelanimi lokacijskimi podatki (EXIF GPS). Obiskovalci spletnega mesta lahko prenesejo in izvle\u010dejo vse podatke o lokaciji iz slik na spletnem mestu.\u00a0<\/p>\r\n\r\n<h2 class=\"wp-block-heading\">Pi\u0161kotki<\/h2>\r\n\r\n\r\n\r\n<p>\u010ce pustite komentar na na\u0161em spletnem mestu, se lahko odlo\u010dite za shranjevanje va\u0161ega imena, e-po\u0161tnega naslova in spletne strani v pi\u0161kotke. Te so za va\u0161e udobje, tako da vam ni potrebno znova vna\u0161ati svojih podatkov, ko pustite nov komentar. Ti pi\u0161kotki bodo trajali eno leto.\u00a0<\/p>\r\n\r\n\r\n\r\n<p>\u010ce obi\u0161\u010dete na\u0161o stran za prijavo, bomo nastavili za\u010dasni pi\u0161kotek, da ugotovimo, ali va\u0161 brskalnik sprejema pi\u0161kotke. Ta pi\u0161kotek ne vsebuje osebnih podatkov in se zavr\u017ee, ko zaprete brskalnik.<\/p>\r\n\r\n\r\n\r\n<p>Ko se prijavite, bomo nastavili tudi ve\u010d pi\u0161kotkov za shranjevanje va\u0161ih podatkov za prijavo in mo\u017enosti prikaza zaslona. Pi\u0161kotki za prijavo trajajo dva dni, pi\u0161kotki z mo\u017enostmi prikaza pa eno leto. \u010ce izberete &#8220;Zapomni si me&#8221;, bo va\u0161a prijava vztrajala dva tedna. \u010ce se odjavite iz svojega ra\u010duna, bodo pi\u0161kotki za prijavo odstranjeni.<\/p>\r\n\r\n\r\n\r\n<p>\u010ce \u010dlanek uredite ali objavite, se v va\u0161 brskalnik shrani dodaten pi\u0161kotek. Ta pi\u0161kotek ne vklju\u010duje osebnih podatkov in samo ozna\u010duje ID objave \u010dlanka, ki ste ga pravkar uredili. Pote\u010de po 1 dnevu.<\/p>\r\n\r\n\r\n\r\n<h2 class=\"wp-block-heading\">Vdelana vsebina drugih spletnih strani<\/h2>\r\n\r\n\r\n\r\n<p>\u010clanki na tem spletnem mestu lahko vklju\u010dujejo vdelano vsebino (npr. videoposnetke, slike, \u010dlanke itd.). Vdelana vsebina z drugih spletnih mest se tretira na popolnoma enak na\u010din, kot \u010de bi obiskovalec obiskal drugo spletno mesto.<\/p>\r\n\r\n\r\n\r\n<p>Ta spletna mesta lahko zbirajo podatke o vas, uporabljajo pi\u0161kotke, vgrajujejo dodatno sledenje tretjih oseb in spremljajo va\u0161o interakcijo s to vdelano vsebino, vklju\u010dno s sledenjem va\u0161e interakcije z vdelano vsebino, \u010de imate ra\u010dun in ste prijavljeni na to spletno mesto.<\/p>\r\n\r\n\r\n\r\n<h2 class=\"wp-block-heading\">S kom delimo podatke<\/h2>\r\n\r\n\r\n\r\n<p>\u010ce zahtevate ponastavitev gesla, bo va\u0161 IP naslov vklju\u010den v e-po\u0161tno sporo\u010dilo za ponastavitev.<\/p>\r\n\r\n\r\n\r\n<h2 class=\"wp-block-heading\">Koliko \u010dasa shranjujemo va\u0161e podatke<\/h2>\r\n\r\n\r\n\r\n<p>\u010ce pustite komentar, se komentar in njegovi metapodatki hranijo za nedolo\u010den \u010das. To je zato, da lahko samodejno prepoznamo in odobrimo vse nadaljnje komentarje, namesto da jih zadr\u017eimo v \u010dakalni vrsti za moderiranje.<\/p>\r\n\r\n\r\n\r\n<p>Za uporabnike, ki se registrirajo na na\u0161em spletnem mestu (\u010de obstajajo), hranimo tudi osebne podatke, ki jih posredujejo v svojem uporabni\u0161kem profilu. Vsi uporabniki lahko kadar koli vidijo, urejajo ali izbri\u0161ejo svoje osebne podatke (razen svojega uporabni\u0161kega imena ne morejo spremeniti). Skrbniki spletnega mesta lahko tudi vidijo in urejajo te podatke.<\/p>\r\n\r\n\r\n\r\n<h2 class=\"wp-block-heading\">Pravice povezane z va\u0161imi podatki<\/h2>\r\n\r\n\r\n\r\n<p>\u010ce imate ra\u010dun na tem spletnem mestu ali ste pustili komentarje, lahko zahtevate, da prejmete izvo\u017eeno datoteko osebnih podatkov, ki jih hranimo o vas, vklju\u010dno z vsemi podatki, ki ste nam jih posredovali. Prav tako lahko zahtevate, da izbri\u0161emo vse osebne podatke, ki jih hranimo o vas. To ne vklju\u010duje nobenih podatkov, ki smo jih dol\u017eni hraniti za administrativne, pravne ali varnostne namene.<\/p>\r\n\r\n\r\n\r\n<h2 class=\"wp-block-heading\">Kam so posredovani va\u0161i podatki<\/h2>\r\n\r\n\r\n\r\n<p>Komentarje obiskovalcev lahko preverimo prek avtomatizirane storitve za odkrivanje ne\u017eelene po\u0161te.\u00a0<\/p>\r\n","protected":false},"excerpt":{"rendered":"<p>O nas Naslov na\u0161ega spletnega mesta je: https:\/\/vk-piran.si\/ Komentarji Ko obiskovalci komentirajo na spletnem mestu (kjer je to mogo\u010de), zbiramo podatke, prikazane v obrazcu za komentarje, kot tudi IP-naslov obiskovalca in niz uporabni\u0161kega agenta brskalnika za pomo\u010d pri odkrivanju ne\u017eelene po\u0161te.\u00a0 Anonimiziran niz, ustvarjen iz va\u0161ega e-po\u0161tnega naslova (imenovan tudi hash), se lahko posreduje storitvi Gravatar, da preveri, ali ga uporabljate. Politika zasebnosti storitve Gravatar je na voljo tukaj: https:\/\/automattic.com\/privacy\/. Po odobritvi va\u0161ega komentarja je va\u0161a profilna slika vidna javnosti v kontekstu va\u0161ega komentarja.\u00a0 Medijska vsebina \u010ce nalagate slike na&hellip;<\/p>\n","protected":false},"author":3,"featured_media":0,"parent":0,"menu_order":0,"comment_status":"closed","ping_status":"closed","template":"","meta":{"footnotes":""},"class_list":["post-398","page","type-page","status-publish","hentry"],"_links":{"self":[{"href":"https:\/\/vk-piran.si\/index.php?rest_route=\/wp\/v2\/pages\/398","targetHints":{"allow":["GET"]}}],"collection":[{"href":"https:\/\/vk-piran.si\/index.php?rest_route=\/wp\/v2\/pages"}],"about":[{"href":"https:\/\/vk-piran.si\/index.php?rest_route=\/wp\/v2\/types\/page"}],"author":[{"embeddable":true,"href":"https:\/\/vk-piran.si\/index.php?rest_route=\/wp\/v2\/users\/3"}],"replies":[{"embeddable":true,"href":"https:\/\/vk-piran.si\/index.php?rest_route=%2Fwp%2Fv2%2Fcomments&post=398"}],"version-history":[{"count":7,"href":"https:\/\/vk-piran.si\/index.php?rest_route=\/wp\/v2\/pages\/398\/revisions"}],"predecessor-version":[{"id":408,"href":"https:\/\/vk-piran.si\/index.php?rest_route=\/wp\/v2\/pages\/398\/revisions\/408"}],"wp:attachment":[{"href":"https:\/\/vk-piran.si\/index.php?rest_route=%2Fwp%2Fv2%2Fmedia&parent=398"}],"curies":[{"name":"wp","href":"https:\/\/api.w.org\/{rel}","templated":true}]}}