{"id":34,"date":"2019-01-14T06:26:47","date_gmt":"2019-01-14T06:26:47","guid":{"rendered":"http:\/\/slo5.net\/vkpiran2018\/?page_id=34"},"modified":"2025-08-05T22:14:31","modified_gmt":"2025-08-05T21:14:31","slug":"o-klubu","status":"publish","type":"page","link":"https:\/\/vk-piran.si\/?page_id=34","title":{"rendered":"O klubu"},"content":{"rendered":"<p><img loading=\"lazy\" decoding=\"async\" class=\"alignnone wp-image-62 size-large\" src=\"https:\/\/vk-piran.si\/wp\/wp-content\/uploads\/2019\/01\/vkpiran_p02-840x420.jpg\" alt=\"\" width=\"640\" height=\"320\" \/><br \/>\nVesla\u0161ki klub Piran\u00a0se nahaja v \u010dudovitem okolju\u00a0<strong>Krajinskega parka Se\u010doveljskih solin<\/strong>, kjer mladi vesla\u010di in vesla\u010dice vsakodnevno trenirajo na mirni gladini kanala Grande (Drnica).<\/p>\n<p><strong>Nadzorni odbor:<br \/>\n<\/strong>Salko Piva\u0107<br \/>\nGregor Simon\u010di\u010d<br \/>\nMarjan \u017dnidar\u010di\u010d<\/p>\n<p><strong>Predsednik:<br \/>\n<\/strong>Robert Gr\u010dar<\/p>\n<p><strong>Podpredsednca:<br \/>\n<\/strong>Valentina Budak<\/p>\n<p><strong>Tehni\u010dni vodja:<br \/>\n<\/strong>Erik Kasteli\u010d<\/p>\n<p><strong>Upravni odbor:<br \/>\n<\/strong>Robert Gr\u010dar<br \/>\nMarijan Kova\u010d<br \/>\nMatej Gr\u010dar<br \/>\nErik Kasteli\u010d<br \/>\nValentina Budak<\/p>\n<p><strong>Trenerka:<br \/>\n<\/strong>Lea Sorgo<\/p>\n<p><strong>Dav\u010dna \u0161tevilka:<\/strong>\u00a074809784<\/p>\n<p><strong>Mati\u010dna \u0161tevilka:<\/strong>\u00a05546869<\/p>\n<p><strong>TRR:<\/strong>\u00a010100-0034857915 odprt pri Banki Koper<\/p>\n<p><strong>V kolikor bi \u017eeleli v \u017eivo spoznati Piransko veslanje ali samo priti na obisk k nam smo dosegljivi na slede\u010dih kontaktih:<br \/>\n<\/strong><\/p>\n<p style=\"font-weight: 400;\">VESLA\u0160KI KLUB PIRAN<br \/>\nPARECAG 290<br \/>\n6333\u00a0 \u00a0SE\u010cOVLJE<\/p>\n<p style=\"font-weight: 400;\">+386 31 325 854 &#8211; Robert Gr\u010dar (predsednik UO)<br \/>\n+386 41 883 611 &#8211; Sorgo Lea (trenerka)<br \/>\n<a href=\"mailto:info@vkpiran.si\">info@vkpiran.si<\/a><\/p>\n<p><a style=\"outline: 0px;\" href=\"https:\/\/vk-piran.si\/?page_id=398\">Politika zasebnosti spletnega mesta vk-piran.si<\/a><\/p>\n<p><code><div id=\"wpgmza_map\" class=\"wpgmza_map\" data-settings='{\"id\":\"1\",\"map_title\":\"Vesla\\u0161ki klub Piran\",\"map_width\":\"100\",\"map_height\":\"400\",\"map_start_lat\":\"45.48642699999999\",\"map_start_lng\":\"13.598529\",\"map_start_location\":\"45.950464398418106,-109.81550500000003\",\"map_start_zoom\":\"14\",\"default_marker\":\"\",\"type\":\"0\",\"alignment\":\"4\",\"directions_enabled\":\"0\",\"styling_enabled\":\"0\",\"styling_json\":\"\",\"active\":\"0\",\"kml\":\"\",\"bicycle\":\"0\",\"traffic\":\"0\",\"dbox\":\"0\",\"dbox_width\":\"\",\"listmarkers\":\"0\",\"listmarkers_advanced\":\"0\",\"filterbycat\":\"0\",\"ugm_enabled\":\"0\",\"ugm_category_enabled\":\"0\",\"fusion\":\"\",\"map_width_type\":\"%\",\"map_height_type\":\"px\",\"mass_marker_support\":\"0\",\"ugm_access\":\"0\",\"order_markers_by\":\"0\",\"order_markers_choice\":\"0\",\"show_user_location\":\"0\",\"default_to\":\"\",\"other_settings\":{\"map_type\":1,\"sl_stroke_color\":\"\",\"sl_fill_color\":\"\",\"sl_stroke_opacity\":\"\",\"sl_fill_opacity\":\"\",\"transport_layer\":false,\"action\":\"wpgmza_save_map\",\"redirect_to\":\"\\\/wp\\\/wp-admin\\\/admin-post.php\",\"map_id\":\"1\",\"http_referer\":\"\\\/wp\\\/wp-admin\\\/admin.php?page=wp-google-maps-menu&amp;amp;action=edit&amp;amp;map_id=1\",\"wpgmza_id\":\"1\",\"wpgmza_start_location\":\"45.48642699999999,13.598529\",\"wpgmza_start_zoom\":\"14\",\"store_locator_enabled\":false,\"store_locator_search_area\":\"radial\",\"wpgmza_store_locator_radius_style\":\"legacy\",\"wpgmza_store_locator_default_radius\":\"10\",\"store_locator_auto_area_max_zoom\":\"\",\"store_locator_distance\":false,\"wpgmza_store_locator_position\":false,\"store_locator_show_distance\":false,\"store_locator_category\":false,\"wpgmza_store_locator_use_their_location\":false,\"wpgmza_store_locator_bounce\":false,\"wpgmza_sl_animation\":null,\"wpgmza_store_locator_hide_before_search\":false,\"store_locator_query_string\":\"\",\"store_locator_default_address\":\"\",\"store_locator_name_search\":false,\"store_locator_name_string\":\"\",\"store_locator_not_found_message\":\"\",\"wpgmza_map_align\":\"1\",\"jump_to_nearest_marker_on_initialization\":false,\"automatically_pan_to_users_location\":false,\"override_users_location_zoom_level\":false,\"override_users_location_zoom_levels\":\"\",\"show_distance_from_location\":false,\"map_max_zoom\":\"21\",\"map_min_zoom\":\"0\",\"click_open_link\":false,\"fit_maps_bounds_to_markers\":false,\"fit_maps_bounds_to_markers_after_filtering\":false,\"hide_point_of_interest\":false,\"wpgmza_zoom_on_marker_click\":false,\"wpgmza_zoom_on_marker_click_slider\":\"\",\"close_infowindow_on_map_click\":false,\"disable_lightbox_images\":false,\"use_Raw_Jpeg_Coordinates\":false,\"disable_polygon_info_windows\":false,\"enable_marker_ratings\":false,\"only_load_markers_within_viewport\":false,\"iw_primary_color\":\"#000000\",\"iw_accent_color\":\"#000000\",\"iw_text_color\":\"#000000\",\"wpgmza_listmarkers_by\":\"0\",\"wpgmza_marker_listing_position\":false,\"zoom_level_on_marker_listing_override\":false,\"zoom_level_on_marker_listing_click\":\"\",\"datatable_no_result_message\":\"\",\"remove_search_box_datables\":false,\"dataTable_pagination_style\":null,\"datatable_search_string\":\"\",\"datatable_result_start\":\"\",\"datatable_result_of\":\"\",\"datatable_result_to\":\"\",\"datatable_result_total\":\"\",\"datatable_result_show\":\"\",\"datatable_result_entries\":\"\",\"wpgmza_savemap\":\"Save Map \\u00bb\"}}' data-map-id='1' Data-maps-engine='open-layers' data-shortcode-attributes='{\"id\":\"1\"}' style=\"display:block; overflow:auto; width:100%; height:400px; float:left;\"><\/div><\/code><\/p>\n","protected":false},"excerpt":{"rendered":"<p>Vesla\u0161ki klub Piran\u00a0se nahaja v \u010dudovitem okolju\u00a0Krajinskega parka Se\u010doveljskih solin, kjer mladi vesla\u010di in vesla\u010dice vsakodnevno trenirajo na mirni gladini kanala Grande (Drnica). Nadzorni odbor: Salko Piva\u0107 Gregor Simon\u010di\u010d Marjan \u017dnidar\u010di\u010d Predsednik: Robert Gr\u010dar Podpredsednca: Valentina Budak Tehni\u010dni vodja: Erik Kasteli\u010d Upravni odbor: Robert Gr\u010dar Marijan Kova\u010d Matej Gr\u010dar Erik Kasteli\u010d Valentina Budak Trenerka: Lea Sorgo Dav\u010dna \u0161tevilka:\u00a074809784 Mati\u010dna \u0161tevilka:\u00a05546869 TRR:\u00a010100-0034857915 odprt pri Banki Koper V kolikor bi \u017eeleli v \u017eivo spoznati Piransko veslanje ali samo priti na obisk k nam smo dosegljivi na slede\u010dih kontaktih: VESLA\u0160KI KLUB PIRAN PARECAG&hellip;<\/p>\n","protected":false},"author":1,"featured_media":0,"parent":0,"menu_order":0,"comment_status":"closed","ping_status":"closed","template":"","meta":{"footnotes":""},"class_list":["post-34","page","type-page","status-publish","hentry"],"_links":{"self":[{"href":"https:\/\/vk-piran.si\/index.php?rest_route=\/wp\/v2\/pages\/34","targetHints":{"allow":["GET"]}}],"collection":[{"href":"https:\/\/vk-piran.si\/index.php?rest_route=\/wp\/v2\/pages"}],"about":[{"href":"https:\/\/vk-piran.si\/index.php?rest_route=\/wp\/v2\/types\/page"}],"author":[{"embeddable":true,"href":"https:\/\/vk-piran.si\/index.php?rest_route=\/wp\/v2\/users\/1"}],"replies":[{"embeddable":true,"href":"https:\/\/vk-piran.si\/index.php?rest_route=%2Fwp%2Fv2%2Fcomments&post=34"}],"version-history":[{"count":17,"href":"https:\/\/vk-piran.si\/index.php?rest_route=\/wp\/v2\/pages\/34\/revisions"}],"predecessor-version":[{"id":2373,"href":"https:\/\/vk-piran.si\/index.php?rest_route=\/wp\/v2\/pages\/34\/revisions\/2373"}],"wp:attachment":[{"href":"https:\/\/vk-piran.si\/index.php?rest_route=%2Fwp%2Fv2%2Fmedia&parent=34"}],"curies":[{"name":"wp","href":"https:\/\/api.w.org\/{rel}","templated":true}]}}