{"id":30,"date":"2019-01-14T06:19:43","date_gmt":"2019-01-14T06:19:43","guid":{"rendered":"http:\/\/slo5.net\/vkpiran2018\/?page_id=30"},"modified":"2022-03-07T21:31:06","modified_gmt":"2022-03-07T20:31:06","slug":"veslaski-klub-piran-skozi-cas","status":"publish","type":"page","link":"https:\/\/vk-piran.si\/?page_id=30","title":{"rendered":"VK Piran skozi \u010das"},"content":{"rendered":"<p>Vesla\u0161ki klub Piran je nastal daljnega leta 1887. Po ve\u010dkratnih uspehih a tudi prenekaterih nesre\u010dnih prekinitvah dejavnosti se je vesla\u0161ko \u017eivljenje v ob\u010dini Piran ponovno obudilo leta 1992 v krajinskem parku Se\u010doveljske soline, kjer je VK Piran na\u0161el idealne pogoje za ponovni razvoj tega \u0161porta. Sledila so leta naglega vzpona, \u0161tevilo vesla\u0161kih navdu\u0161encev je nara\u0161\u010dalo in s pomo\u010djo premnogih prostovoljno opravljenih ur dela in pozitivne podpore s strani sponzorjev so vesla\u010di zelo hitro za\u010deli dosegati odmevne rezultate na najpomembnej\u0161ih tekmovanjih tako doma kot v tujini.<\/p>\n<p>Piranski vesla\u010di so se vsakoletno uvr\u0161\u010dali tudi v reprezentan\u010dne vrste in tako dosegali vidne rezultate tudi na pomembnej\u0161ih tekmovanjih in svetovnih prvenstvih. Po 15 letih trdega dela v neprimernih a \u017eal edinih prostorih, ki jih je klub imel na razpolago, so vesla\u0161ki privr\u017eenci leta 2007 kon\u010dno do\u010dakali dolgo sanjane in te\u017eko pri\u010dakovane nove klubske prostore, kateri so polek bolj kvalitetnej\u0161ega opravljanja vsakodnevnih treningov vlili \u0161e dodatne motivacije \u017ee tako zagnanim piranskim vesla\u010dem. Z dobrimi pogoji za delo, najbolj\u0161o opremo in uspe\u0161nim trenerjem lahko upravi\u010deno pri\u010dakujemo, da se bo o na\u0161ih vesla\u010dih \u0161e dosti govorilo.<\/p>\n<p><strong>VK Piran..drugi dom marsikaterega vesla\u010da \ud83d\ude09<\/strong><br \/>\n<strong>Pridruzi se tudi ti..<\/strong><\/p>\n","protected":false},"excerpt":{"rendered":"<p>Vesla\u0161ki klub Piran je nastal daljnega leta 1887. Po ve\u010dkratnih uspehih a tudi prenekaterih nesre\u010dnih prekinitvah dejavnosti se je vesla\u0161ko \u017eivljenje v ob\u010dini Piran ponovno obudilo leta 1992 v krajinskem parku Se\u010doveljske soline, kjer je VK Piran na\u0161el idealne pogoje za ponovni razvoj tega \u0161porta. Sledila so leta naglega vzpona, \u0161tevilo vesla\u0161kih navdu\u0161encev je nara\u0161\u010dalo in s pomo\u010djo premnogih prostovoljno opravljenih ur dela in pozitivne podpore s strani sponzorjev so vesla\u010di zelo hitro za\u010deli dosegati odmevne rezultate na najpomembnej\u0161ih tekmovanjih tako doma kot v tujini. Piranski vesla\u010di so se vsakoletno&hellip;<\/p>\n","protected":false},"author":1,"featured_media":0,"parent":0,"menu_order":0,"comment_status":"closed","ping_status":"closed","template":"","meta":{"footnotes":""},"class_list":["post-30","page","type-page","status-publish","hentry"],"_links":{"self":[{"href":"https:\/\/vk-piran.si\/index.php?rest_route=\/wp\/v2\/pages\/30","targetHints":{"allow":["GET"]}}],"collection":[{"href":"https:\/\/vk-piran.si\/index.php?rest_route=\/wp\/v2\/pages"}],"about":[{"href":"https:\/\/vk-piran.si\/index.php?rest_route=\/wp\/v2\/types\/page"}],"author":[{"embeddable":true,"href":"https:\/\/vk-piran.si\/index.php?rest_route=\/wp\/v2\/users\/1"}],"replies":[{"embeddable":true,"href":"https:\/\/vk-piran.si\/index.php?rest_route=%2Fwp%2Fv2%2Fcomments&post=30"}],"version-history":[{"count":3,"href":"https:\/\/vk-piran.si\/index.php?rest_route=\/wp\/v2\/pages\/30\/revisions"}],"predecessor-version":[{"id":380,"href":"https:\/\/vk-piran.si\/index.php?rest_route=\/wp\/v2\/pages\/30\/revisions\/380"}],"wp:attachment":[{"href":"https:\/\/vk-piran.si\/index.php?rest_route=%2Fwp%2Fv2%2Fmedia&parent=30"}],"curies":[{"name":"wp","href":"https:\/\/api.w.org\/{rel}","templated":true}]}}