{"id":2484,"date":"2025-12-04T20:29:57","date_gmt":"2025-12-04T19:29:57","guid":{"rendered":"https:\/\/vk-piran.si\/?page_id=2484"},"modified":"2025-12-04T21:16:32","modified_gmt":"2025-12-04T20:16:32","slug":"projekti","status":"publish","type":"page","link":"https:\/\/vk-piran.si\/?page_id=2484","title":{"rendered":"Projekti"},"content":{"rendered":"<h2>Keeping our young generation in sports (KeYs)<\/h2>\n<p>Opustitev \u0161portne dejavnosti je tipi\u010den pojav v \u0161portnih klubih, ki mu ni posve\u010dena dovoljpozornosti. V preteklosti, ko je \u0161portnik opustil dolo\u010den \u0161port, je obi\u010dajno preizkusil drug\u0161port. Danes ti \u0161portniki ostajajo doma, ve\u010dinoma pred ra\u010dunalnikom ali igralno konzolo. Dana\u0161nji izziv je narediti \u0161port bolj privla\u010den kot ra\u010dunalni\u0161ke igre. Z zmanj\u0161anjem stopnje opu\u0161\u010danja \u0161portnih aktivnosti lahko pozitivno vplivamo na kakovost \u017eivljenja. Kratkoro\u010dnipozitivni u\u010dinki vklju\u010dujejo manj mladih na ulicah ter manj\u0161e mo\u017enosti za za\u010detek kajenja,u\u017eivanja alkohola ali drog. Dolgoro\u010dni pozitivni u\u010dinki se ka\u017eejo v kakovosti \u017eivljenja vpoznej\u0161ih letih. Redna telesna aktivnost skozi \u017eivljenje lahko prepre\u010di ali upo\u010dasni razvojnekaterih kroni\u010dnih bolezni.<\/p>\n<p>Projekt KeYs si prizadeva zmanj\u0161ati stopnjo opu\u0161\u010danja \u0161portnihaktivnosti z razli\u010dnimi aktivnostmi. S tem projektom \u017eelimo poudariti pomen vztrajanja v \u0161portu in enakopravnosti spolov, s\u010dimer prispevamo k spodbujanju raznolikosti in vklju\u010devanja. Za izvedbo projekta se bodo zdru\u017eili trije vesla\u0161ki klubi, da bi na\u0161li na\u010din za zmanj\u0161anje stopnje opu\u0161\u010danja \u0161portnihaktivnosti in hkrati promovirali morsko veslanje. Vsi trije klubi se nahajajo v bli\u017eini obale Jadranskega morja. Klubi prihajajo iz Hrva\u0161ke, Slovenije in Italije. Klubi iz Slovenije in Hrva\u0161ke imajo tekmovalni program v klasi\u010dnem veslanju, vendar jih zanima tudi obalno (ang.coastal) veslanje. Nasprotno pa ima klub iz Italije ve\u010d izku\u0161enj z obalnim kot s klasi\u010dnim veslanjem. Poleg klubov bo \u010detrti partner fizioterapevt iz Slovenije, ki si prizadeva sodelovatiz vesla\u010di za prepre\u010devanje po\u0161kodb. Projekt KeYs si prizadeva zmanj\u0161ati stopnjo opu\u0161\u010danja \u0161portnih aktivnosti z razli\u010dnimi aktivnostmi za popestritev trena\u017enega procesa in dvigom motivacije, pridobivanju novih gibalnih znanj, vpeljavi obalnega veslanja ter delovanju na podro\u010dju preventive pred po\u0161kodbami.<\/p>\n<p><img loading=\"lazy\" decoding=\"async\" class=\"alignnone size-full wp-image-2248\" src=\"https:\/\/vk-piran.si\/wp\/wp-content\/uploads\/2024\/12\/Keys_Logo_ok.png\" alt=\"\" width=\"385\" height=\"120\" \/> <img loading=\"lazy\" decoding=\"async\" class=\"alignnone size-full wp-image-2494\" src=\"https:\/\/vk-piran.si\/wp\/wp-content\/uploads\/2025\/12\/co_founded.png\" alt=\"\" width=\"490\" height=\"103\" \/><\/p>\n<p>&nbsp;<\/p>\n<p>&nbsp;<\/p>\n<h2>Move&amp;Row<\/h2>\n<p>Projekt Move and Row razvija celostni, znanstveno utemeljen model treninga za mlade v veslanju, z osrednjim poudarkom na disciplini Beach Sprint, ki bo premierno vklju\u010dena v OI Los Angeles 2028. Izhaja iz zaznanega upada gibalne u\u010dinkovitosti ter pomanjkanja strukturiranih metod treninga, zlasti v hitrih in kompleksnih okoljih obalnega veslanja. Projekt uvaja petstopenjski razvojni model: od osnovnih lokomotornih in funkcionalnih gibalnih vzorcev, preko u\u010denja vesla\u0161ke tehnike, implementacije metode DNS za nadzor in stabilnost gibanja, vklju\u010devanja dual-task pristopov za krepitev povezave med gibalnimi in miselnimi funkcijami, do kon\u010dne aplikacije v specifi\u010dnih pogojih Beach Sprinta (pospe\u0161ki, agilnost, me\u0161ane posadke, valovi in prehodi).<\/p>\n<p>Aktivnosti vklju\u010dujejo periodizirane cikle testiranj, izvedbo treningov v klubih, redno tehni\u010dno evalvacijo, uporabo videoanalitike, interdisciplinarno sodelovanje fizioterapevtov,trenerjev in kineziologov, ter organizacijo mednarodnega poletnega kampa. Posebna dodana vrednost je razvoj spletne aplikacije s podatkovno bazo vaj, opisov, video gradiva in izobra\u017eevalnih vsebin, namenjene trenerjem in mladim \u0161portnikom ter prilagojene dolgoro\u010dni uporabi tudi po zaklju\u010dku projekta. Konzorcij sestavlja pet partnerjev: koordinator Rowing Club Adriatico Fano ter Societ\u00e0 Canottieri Montefeltro (Italija), Vesla\u0161ki klub Piran in podjetje Vertebrae (Slovenija) ter Limassol Nautical Club (Ciper), ki skupaj zdru\u017eujejo strokovnost iz veslanja, \u0161portne vzgoje,fizioterapije, kineziologije in projektnega upravljanja.<\/p>\n<p>&nbsp;<\/p>\n<p>&nbsp;<\/p>\n<p>&nbsp;<\/p>\n<h2>RowAct<\/h2>\n<p>Projekt ROWACT (Rowing and Wellness through Active Community Training) je namenjen spodbujanju aktivnega staranja, dru\u017ebene vklju\u010denosti in izbolj\u0161anja telesnega ter psiholo\u0161kega po\u010dutja \u017eensk, starih nad 50 let. Izhaja iz izzivov, kot so socialna izolacija, zmanj\u0161ana telesna pripravljenost, tveganje za padce ter pomanjkanje strukturiranih programov za rekreativne starej\u0161e \u0161portnice. Projekt uvaja celostni pristop, ki zdru\u017euje veslanje, preventivno vadbo, krepitev kognitivnih sposobnosti, pridobivanje \u017eivljenjskih navad in povezovanje v lokalnih skupnostih.<\/p>\n<p>Na izvedbeni ravni bo projekt oblikoval strukturiran program treninga, ki vklju\u010duje: uvodno testiranje in vklju\u010devanje udele\u017eenk, redne treninge na vesla\u0161kih simulatorjih in na vodi, gimnastiko za dobro dr\u017eo in prepre\u010devanje po\u0161kodb, rehabilitacijsko vadbo, ter uporabo digitalnih orodij (e-platforma, spletna komunikacija). Vse aktivnosti se bodo sproti evalvirale s spremljanjem napredka, zbiranjem povratnih informacij in analizami vpliva na zdravje, dobro po\u010dutje in dru\u017ebeno vklju\u010denost. Zaklju\u010dni mednarodni dogodek in regata bosta prikazala rezultate ter okrepila prenos dobre prakse.<\/p>\n<p>Konzorcij sestavljajo \u0161tirje partnerji: koordinator Rowing4Fun ASD (Italija), vesla\u0161ki klub Clube Fluvial Portuense (Portugalska), Vesla\u0161ki klub Piran (Slovenija) ter Univerza Lus\u00f3fona \u2013 Porto University Centre (Portugalska), ki zdru\u017eujejo \u0161portno prakso, lokalno vklju\u010denost in znanstveno raziskovanje.<\/p>\n<p><img loading=\"lazy\" decoding=\"async\" class=\"alignnone wp-image-2496\" src=\"https:\/\/vk-piran.si\/wp\/wp-content\/uploads\/2025\/12\/logo_water-660x365.png\" alt=\"\" width=\"160\" height=\"107\" srcset=\"https:\/\/vk-piran.si\/wp\/wp-content\/uploads\/2025\/12\/logo_water-768x512.png 768w, https:\/\/vk-piran.si\/wp\/wp-content\/uploads\/2025\/12\/logo_water.png 1536w\" sizes=\"auto, (max-width: 160px) 100vw, 160px\" \/> <img loading=\"lazy\" decoding=\"async\" class=\"alignnone size-full wp-image-2494\" src=\"https:\/\/vk-piran.si\/wp\/wp-content\/uploads\/2025\/12\/co_founded.png\" alt=\"\" width=\"490\" height=\"103\" \/><\/p>\n<p>&nbsp;<\/p>\n<p>&nbsp;<\/p>\n<h2>Zmigaj se do vadbe<\/h2>\n<p>Projekt Zmigaj se do vabe je namenjen spodbujanju k redni gibalni aktivnosti odrasle populacije. Prijavljenim na projekt se nudi do 60 ur brezpla\u010dne vodene vadbe pod strokovnim o\u010desom trenerke. Vadba je namenjena vsem zdravim posameznikom, ki so trenutno nezadostno telesno aktivni na tedenskem nivoju. Vadba se izvaja dvakrat tedensko po 60min in je kombinacija vadbe za mo\u010d in jakost, vadbe gibljivosti ter vzdr\u017eljivosti. Na vadbi vade\u010di spozna tudi osnove vesla\u0161ke tehnike. Na ta na\u010din \u017eelimo v Vesla\u0161kem klubu Piran se povezati s lokalno skupnostjo in prispevati k bolj aktivni in zdravi populaciji v ob\u010dini Piran kot tudi ostalim obalnim ob\u010dinam.<\/p>\n<p><img loading=\"lazy\" decoding=\"async\" class=\"alignnone wp-image-2491\" src=\"https:\/\/vk-piran.si\/wp\/wp-content\/uploads\/2025\/12\/zsdv.png\" alt=\"\" width=\"160\" height=\"160\" \/> <img loading=\"lazy\" decoding=\"async\" class=\"alignnone wp-image-2489\" src=\"https:\/\/vk-piran.si\/wp\/wp-content\/uploads\/2025\/12\/IFS.png\" alt=\"\" width=\"160\" height=\"160\" \/> <img loading=\"lazy\" decoding=\"async\" class=\"alignnone wp-image-2490 size-full\" src=\"https:\/\/vk-piran.si\/wp\/wp-content\/uploads\/2025\/12\/MGTS-e1764878013112.png\" alt=\"\" width=\"160\" height=\"160\" \/>\u00a0<img loading=\"lazy\" decoding=\"async\" class=\"alignnone wp-image-2488 size-full\" src=\"https:\/\/vk-piran.si\/wp\/wp-content\/uploads\/2025\/12\/EU-e1764877842185.png\" alt=\"\" width=\"160\" height=\"160\" \/><\/p>\n","protected":false},"excerpt":{"rendered":"<p>Keeping our young generation in sports (KeYs) Opustitev \u0161portne dejavnosti je tipi\u010den pojav v \u0161portnih klubih, ki mu ni posve\u010dena dovoljpozornosti. V preteklosti, ko je \u0161portnik opustil dolo\u010den \u0161port, je obi\u010dajno preizkusil drug\u0161port. Danes ti \u0161portniki ostajajo doma, ve\u010dinoma pred ra\u010dunalnikom ali igralno konzolo. Dana\u0161nji izziv je narediti \u0161port bolj privla\u010den kot ra\u010dunalni\u0161ke igre. Z zmanj\u0161anjem stopnje opu\u0161\u010danja \u0161portnih aktivnosti lahko pozitivno vplivamo na kakovost \u017eivljenja. Kratkoro\u010dnipozitivni u\u010dinki vklju\u010dujejo manj mladih na ulicah ter manj\u0161e mo\u017enosti za za\u010detek kajenja,u\u017eivanja alkohola ali drog. Dolgoro\u010dni pozitivni u\u010dinki se ka\u017eejo v kakovosti \u017eivljenja&hellip;<\/p>\n","protected":false},"author":3,"featured_media":0,"parent":0,"menu_order":0,"comment_status":"closed","ping_status":"closed","template":"","meta":{"footnotes":""},"class_list":["post-2484","page","type-page","status-publish","hentry"],"_links":{"self":[{"href":"https:\/\/vk-piran.si\/index.php?rest_route=\/wp\/v2\/pages\/2484","targetHints":{"allow":["GET"]}}],"collection":[{"href":"https:\/\/vk-piran.si\/index.php?rest_route=\/wp\/v2\/pages"}],"about":[{"href":"https:\/\/vk-piran.si\/index.php?rest_route=\/wp\/v2\/types\/page"}],"author":[{"embeddable":true,"href":"https:\/\/vk-piran.si\/index.php?rest_route=\/wp\/v2\/users\/3"}],"replies":[{"embeddable":true,"href":"https:\/\/vk-piran.si\/index.php?rest_route=%2Fwp%2Fv2%2Fcomments&post=2484"}],"version-history":[{"count":7,"href":"https:\/\/vk-piran.si\/index.php?rest_route=\/wp\/v2\/pages\/2484\/revisions"}],"predecessor-version":[{"id":2498,"href":"https:\/\/vk-piran.si\/index.php?rest_route=\/wp\/v2\/pages\/2484\/revisions\/2498"}],"wp:attachment":[{"href":"https:\/\/vk-piran.si\/index.php?rest_route=%2Fwp%2Fv2%2Fmedia&parent=2484"}],"curies":[{"name":"wp","href":"https:\/\/api.w.org\/{rel}","templated":true}]}}