{"id":2377,"date":"2025-08-21T19:57:04","date_gmt":"2025-08-21T18:57:04","guid":{"rendered":"https:\/\/vk-piran.si\/?page_id=2377"},"modified":"2025-08-21T20:26:06","modified_gmt":"2025-08-21T19:26:06","slug":"dokumenti-vk-piran","status":"publish","type":"page","link":"https:\/\/vk-piran.si\/?page_id=2377","title":{"rendered":"Dokumenti"},"content":{"rendered":"<h1>Dokumenti VK Piran<\/h1>\n<p>&nbsp;<\/p>\n<ul>\n<li><a href=\"https:\/\/vk-piran.si\/wp\/wp-content\/uploads\/2025\/08\/STATUT_VK_PIRAN_2007.pdf\">Statut VK Piran<\/a><\/li>\n<li><a href=\"https:\/\/vk-piran.si\/wp\/wp-content\/uploads\/2025\/08\/INTERNI-_PRAVILNIK_VK_PIRAN_O_UDELEZBI_NA_REGATAH_2025.pdf\">Interni pravilnik VK Piran o udele\u017ebi na regatah, 2025<\/a><\/li>\n<li><a style=\"outline: 0px;\" href=\"https:\/\/vk-piran.si\/?page_id=398\">Politika zasebnosti spletnega mesta vk-piran.si<\/a><\/li>\n<\/ul>\n<p>&nbsp;<\/p>\n<h1>Dokumenti Vesla\u0161ke Zveze Slovenije (VZS)<\/h1>\n<p>&nbsp;<\/p>\n<ul>\n<li><a href=\"https:\/\/vk-piran.si\/wp\/wp-content\/uploads\/2025\/08\/Statut-Veslaske-zveze-Slovenije.pdf\">Statut VZS<\/a><\/li>\n<li><a href=\"https:\/\/vk-piran.si\/wp\/wp-content\/uploads\/2025\/08\/Tekmovalni-pravilnik-VZS.pdf\">Tekmovalni pravilnik VZS<\/a><\/li>\n<li><a href=\"https:\/\/vk-piran.si\/wp\/wp-content\/uploads\/2025\/08\/Pravilnik-o-uradni-opremi-in-oznakah-reprezentanc-VZS.pdf\">Pravilnik o uradni opremi in oznakah reprezentanc VZS<\/a><\/li>\n<li><a href=\"https:\/\/vk-piran.si\/wp\/wp-content\/uploads\/2025\/08\/Pravilnik-VZS-o-varovanju-pred-nadlegovanjem-in-zlorabami-v-veslaskem-sportu.pdf\">Pravilnik VZS o varovanju pred nadlegovanjem in zlorabami v vesla\u0161kem \u0161portu<\/a><\/li>\n<li><a href=\"https:\/\/vk-piran.si\/wp\/wp-content\/uploads\/2025\/08\/Pravilnik-o-uporabi-opreme-v-lasti-VZS.pdf\">Pravilnik o uporabi opreme v lasti VZS<\/a><\/li>\n<li><a href=\"https:\/\/vk-piran.si\/wp\/wp-content\/uploads\/2025\/08\/Pravilnik-o-registraciji-in-prestopih-veslacev-tekmovalcev.pdf\">Pravilnik o registraciji in prestopih vesla\u010dev tekmovalcev<\/a><\/li>\n<li><a href=\"https:\/\/vk-piran.si\/wp\/wp-content\/uploads\/2025\/08\/Pravilnik-o-priznanjih-VZS.pdf\">Pravilnik o priznanjih VZS<\/a><\/li>\n<li><a href=\"https:\/\/vk-piran.si\/wp\/wp-content\/uploads\/2025\/08\/Pravilnik-VZS-o-licenciranju-strokovnih-delavcev-v-veslanju.pdf\">Pravilnik VZS o licenciranju strokovnih delavcev v \u0161portu za panogo veslanje<\/a><\/li>\n<li><a href=\"https:\/\/vk-piran.si\/wp\/wp-content\/uploads\/2025\/08\/Pravilnik-VZS-o-drzavnem-prvenstvu-RS-v-veslanju.pdf\">Pravilnik VZS o dr\u017eavnem prvenstvu Republike Slovenija v veslanju<\/a><\/li>\n<li><a href=\"https:\/\/vk-piran.si\/wp\/wp-content\/uploads\/2025\/08\/Pravilnik-o-clanstvu-v-drzavni-reprezentanci-v-veslanju.pdf\">Pravilnik o \u010dlanstvu v dr\u017eavni reprezentanci v veslanju<\/a><\/li>\n<li><a href=\"https:\/\/vk-piran.si\/wp\/wp-content\/uploads\/2025\/08\/Eticni-kodeks-VZS.pdf\">Eti\u010dni kodeks VZS<\/a><\/li>\n<li><a href=\"https:\/\/vk-piran.si\/wp\/wp-content\/uploads\/2025\/08\/Disciplinski-pravilnik-VZS.pdf\">Disciplinski pravilnik VZS<\/a><\/li>\n<\/ul>\n","protected":false},"excerpt":{"rendered":"<p>Dokumenti VK Piran &nbsp; Statut VK Piran Interni pravilnik VK Piran o udele\u017ebi na regatah, 2025 Politika zasebnosti spletnega mesta vk-piran.si &nbsp; Dokumenti Vesla\u0161ke Zveze Slovenije (VZS) &nbsp; Statut VZS Tekmovalni pravilnik VZS Pravilnik o uradni opremi in oznakah reprezentanc VZS Pravilnik VZS o varovanju pred nadlegovanjem in zlorabami v vesla\u0161kem \u0161portu Pravilnik o uporabi opreme v lasti VZS Pravilnik o registraciji in prestopih vesla\u010dev tekmovalcev Pravilnik o priznanjih VZS Pravilnik VZS o licenciranju strokovnih delavcev v \u0161portu za panogo veslanje Pravilnik VZS o dr\u017eavnem prvenstvu Republike Slovenija v veslanju&hellip;<\/p>\n","protected":false},"author":3,"featured_media":0,"parent":0,"menu_order":0,"comment_status":"closed","ping_status":"closed","template":"","meta":{"footnotes":""},"class_list":["post-2377","page","type-page","status-publish","hentry"],"_links":{"self":[{"href":"https:\/\/vk-piran.si\/index.php?rest_route=\/wp\/v2\/pages\/2377","targetHints":{"allow":["GET"]}}],"collection":[{"href":"https:\/\/vk-piran.si\/index.php?rest_route=\/wp\/v2\/pages"}],"about":[{"href":"https:\/\/vk-piran.si\/index.php?rest_route=\/wp\/v2\/types\/page"}],"author":[{"embeddable":true,"href":"https:\/\/vk-piran.si\/index.php?rest_route=\/wp\/v2\/users\/3"}],"replies":[{"embeddable":true,"href":"https:\/\/vk-piran.si\/index.php?rest_route=%2Fwp%2Fv2%2Fcomments&post=2377"}],"version-history":[{"count":6,"href":"https:\/\/vk-piran.si\/index.php?rest_route=\/wp\/v2\/pages\/2377\/revisions"}],"predecessor-version":[{"id":2398,"href":"https:\/\/vk-piran.si\/index.php?rest_route=\/wp\/v2\/pages\/2377\/revisions\/2398"}],"wp:attachment":[{"href":"https:\/\/vk-piran.si\/index.php?rest_route=%2Fwp%2Fv2%2Fmedia&parent=2377"}],"curies":[{"name":"wp","href":"https:\/\/api.w.org\/{rel}","templated":true}]}}